{"id":101,"date":"2019-03-06T07:10:23","date_gmt":"2019-03-06T07:10:23","guid":{"rendered":"http:\/\/caiverbicaro.it\/?page_id=101"},"modified":"2022-05-08T09:15:36","modified_gmt":"2022-05-08T09:15:36","slug":"sicurezza","status":"publish","type":"page","link":"https:\/\/caiverbicaro.it\/index.php\/escursionismo\/sicurezza\/","title":{"rendered":"Sicurezza"},"content":{"rendered":"\n<p class=\"has-drop-cap has-dark-gray-color has-bright-red-background-color has-text-color has-background\"><strong><em>Per la sicurezza dell\u2019 escursionista \u00e8 di grande utilit\u00e0 l\u2019app per smartphone GEORESQ che il CAI offre come servizio ai suoi soci. Ne esiste una versione gratuita per tutti con la sola funzionalit\u00e0 di allarme e richiesta di soccorso. Per una informazione completa apri il link<\/em><\/strong> <a href=\"https:\/\/wp.georesq.it\/\">https:\/\/wp.georesq.it\/<\/a><\/p>\n\n\n\n<p><\/p>\n\n\n\n<p class=\"has-light-blue-background-color has-background\"><strong>APRI I LINKS DI SEGUITO E LEGGI I CONSIGLI DEL CORPO NAZIONALE DEL SOCCORSO ALPINO<\/strong><\/p>\n\n\n\n<p><\/p>\n\n\n\n<p><a rel=\"noreferrer noopener\" aria-label=\" (si apre in una nuova scheda)\" href=\"http:\/\/www.sicurinmontagna.it\/media\/activity\/pdf\/484\/sicuri-sul-sentiero-17.pdf\" target=\"_blank\">http:\/\/www.sicurinmontagna.it\/media\/activity\/pdf\/484\/sicuri-sul-sentiero-17.pdf<\/a><\/p>\n\n\n\n<p> <a rel=\"noreferrer noopener\" href=\"https:\/\/m.youtube.com\/watch?feature=youtu.be&amp;v=K7SBO5usJDAttps:\/\/m.youtube.com\/watch?feature=youtu.be&amp;v=K7SBO5usJDAhttps:\/\/m.youtube.com\/watch?feature=youtu.be&amp;v=K7SBO5usJDA\" target=\"_blank\">https:\/\/m.youtube.com\/watch?feature=youtu.be&amp;v=K7SBO5usJDAttps:\/\/m.youtube.com\/watch?feature=youtu.be&amp;v=K7SBO5usJDAhttps:\/\/m.youtube.com\/watch?feature=youtu.be&amp;v=K7SBO5usJDA<\/a><\/p>\n\n\n\n<p><a rel=\"noreferrer noopener\" aria-label=\" (si apre in una nuova scheda)\" href=\"http:\/\/www.sicurinmontagna.it\/media\/activity\/pdf\/573\/sicuri-nell-escursionismo-senior-compressed.pdf\" target=\"_blank\">http:\/\/www.sicurinmontagna.it\/media\/activity\/pdf\/573\/sicuri-nell-escursionismo-senior-compressed.pdf<\/a><\/p>\n\n\n\n<p><b>IN CASO DI INDIENTE SI CHIAMA IL SOCCORSO ALPINO<\/b><\/p>\n\n\n\n<p><strong>CHIAMARE IL NUMERO UNICO DEL SERVIZIO SANITARIO DI PRONTO SOCCORSO 118 o il numero 112 (<\/strong>ALTRI NUMERI UTILI Soccorso Alpino Calabria 339\/6197005 &#8211; 347.8218467; Basilicata 0973\/576437 \u2013 347\/1235081;) <strong>comunicando quanto segue<br><\/strong>1. Da dove sta chiamando (SPECIFICARE ALL\u2019OPERATORE CHE CI SI TROVA IN MONTAGNA).<br>2. Fornire subito il numero del telefono da cui si sta chiamando (se la chiamata dovesse interrompersi \u00e8 importante che il telefono venga lasciato libero per consentire alla Centrale Operativa di richiamare).<br>3. Fornire l&#8217;esatta localit\u00e0 dove \u00e8 ubicata l&#8217;area da cui si sta chiamando (Comune, Provincia od in ogni caso un riferimento importante di ricerca rilevabile sulla cartina).<br>4. Se in possesso di altimetro, (tarato prima di partire) fornire la quota del luogo dell\u2019incidente.<br>5. Fornire indicazioni di cosa \u00e8 visibile dall\u2019alto (pendio, bosco, cima, rifugio, ecc..).<br>6. Dire cosa \u00e8 successo: (lasciarsi in ogni caso intervistare dall\u2019operatore di centrale che avr\u00e0 necessit\u00e0 di conoscere, per un buona valutazione sanitaria, la dinamica dell\u2019incidente).<br>7. Dire quando \u00e8 successo (la precisa identificazione dell&#8217;ora dell&#8217;evento pu\u00f2 far scattare diverse procedure &#8211; come ad esempio la gestione via telefonica di una rianimazione cardio polmonare).<br>8. Dire quante persone sono state coinvolte nell&#8217;evento.<br>9. Fornire le proprie generalit\u00e0 (questa informazione fa perdere solo alcuni secondi all&#8217;emergenza ma \u00e8 molto importante).<br>10. Stabilire con certezza se la persona coinvolta ha difficolt\u00e0 respiratorie; se \u00e8 cosciente; se perde molto sangue, ecc.: In ogni caso, lasciarsi intervistare dalle domande dell&#8217;operatore (normalmente l&#8217;intervento di soccorso \u00e8 gi\u00e0 scattato, ma le richieste successive servono per inquadrare con pi\u00f9 precisione quanto potr\u00e0 essere necessario all&#8217;\u00e9quipe di soccorso fornendo loro i dati successivi via radio).<br>11. Informare correttamente sull&#8217;esatta posizione del ferito (se seduto, se disteso supino, se disteso prono, se appeso, ecc.).<br>INOLTRE (CONSIDERANDO CHE L&#8217;INTERVENTO IN MONTAGNA POTRA&#8217; ANCHE NON ESSERE EFFETTUATO CON L&#8217;ELICOTTERO) SI DOVRA\u2019 INFORMARE L\u2019OPERATORE RELATIVAMENTE:<br>\u2022 al tempo impiegato (a piedi) dall\u2019automezzo al luogo dell\u2019evento<br>\u2022 alle condizioni meteo sul posto (se sono pessime oppure se si stanno aggravando)<br>\u2022 alle condizioni del terreno<br>\u2022 alla presenza di vento<br>\u2022 alla visibilit\u00e0 in posto<br>\u2022 alla presenza nell&#8217;area dell&#8217;evento di fili a sbalzo, funivie, linee elettriche, ecc..<\/p>\n\n\n\n<figure class=\"wp-block-gallery columns-2 is-cropped\"><ul class=\"blocks-gallery-grid\"><li class=\"blocks-gallery-item\"><figure><img loading=\"lazy\" width=\"1024\" height=\"597\" src=\"http:\/\/caiverbicaro.it\/wp-content\/uploads\/2019\/03\/990C5634-FA32-49C7-97D9-54358BC790FA-1024x597.jpeg\" alt=\"\" data-id=\"298\" data-link=\"http:\/\/caiverbicaro.it\/index.php\/escursionismo\/sicurezza\/990c5634-fa32-49c7-97d9-54358bc790fa\/\" class=\"wp-image-298\" srcset=\"https:\/\/caiverbicaro.it\/wp-content\/uploads\/2019\/03\/990C5634-FA32-49C7-97D9-54358BC790FA-1024x597.jpeg 1024w, https:\/\/caiverbicaro.it\/wp-content\/uploads\/2019\/03\/990C5634-FA32-49C7-97D9-54358BC790FA-300x175.jpeg 300w, https:\/\/caiverbicaro.it\/wp-content\/uploads\/2019\/03\/990C5634-FA32-49C7-97D9-54358BC790FA-768x448.jpeg 768w, https:\/\/caiverbicaro.it\/wp-content\/uploads\/2019\/03\/990C5634-FA32-49C7-97D9-54358BC790FA-1200x700.jpeg 1200w, https:\/\/caiverbicaro.it\/wp-content\/uploads\/2019\/03\/990C5634-FA32-49C7-97D9-54358BC790FA.jpeg 1536w\" sizes=\"(max-width: 709px) 85vw, (max-width: 909px) 67vw, (max-width: 1362px) 62vw, 840px\" \/><\/figure><\/li><li class=\"blocks-gallery-item\"><figure><img loading=\"lazy\" width=\"1024\" height=\"604\" src=\"http:\/\/caiverbicaro.it\/wp-content\/uploads\/2019\/03\/D81FD3D6-CFC1-4CCA-B309-9CF58CA408FB-1024x604.jpeg\" alt=\"\" data-id=\"299\" data-link=\"http:\/\/caiverbicaro.it\/index.php\/escursionismo\/sicurezza\/d81fd3d6-cfc1-4cca-b309-9cf58ca408fb\/\" class=\"wp-image-299\" srcset=\"https:\/\/caiverbicaro.it\/wp-content\/uploads\/2019\/03\/D81FD3D6-CFC1-4CCA-B309-9CF58CA408FB-1024x604.jpeg 1024w, https:\/\/caiverbicaro.it\/wp-content\/uploads\/2019\/03\/D81FD3D6-CFC1-4CCA-B309-9CF58CA408FB-300x177.jpeg 300w, https:\/\/caiverbicaro.it\/wp-content\/uploads\/2019\/03\/D81FD3D6-CFC1-4CCA-B309-9CF58CA408FB-768x453.jpeg 768w, https:\/\/caiverbicaro.it\/wp-content\/uploads\/2019\/03\/D81FD3D6-CFC1-4CCA-B309-9CF58CA408FB-1200x707.jpeg 1200w, https:\/\/caiverbicaro.it\/wp-content\/uploads\/2019\/03\/D81FD3D6-CFC1-4CCA-B309-9CF58CA408FB.jpeg 1320w\" sizes=\"(max-width: 709px) 85vw, (max-width: 909px) 67vw, (max-width: 1362px) 62vw, 840px\" \/><\/figure><\/li><\/ul><\/figure>\n\n\n\nPer la copertura assicurativa <a href=\"https:\/\/www.cai.it\/wp-content\/uploads\/2018\/11\/MANUALE_USO_COPERTURE__ASSICURATIVE__2018_-2020_CAI.pdf\">clicca qui<\/a>\n","protected":false},"excerpt":{"rendered":"<p>Per la sicurezza dell\u2019 escursionista \u00e8 di grande utilit\u00e0 l\u2019app per smartphone GEORESQ che il CAI offre come servizio ai suoi soci. Ne esiste una versione gratuita per tutti con la sola funzionalit\u00e0 di allarme e richiesta di soccorso. Per una informazione completa apri il link https:\/\/wp.georesq.it\/ APRI I LINKS DI SEGUITO E LEGGI I &hellip; <a href=\"https:\/\/caiverbicaro.it\/index.php\/escursionismo\/sicurezza\/\" class=\"more-link\">Leggi tutto<span class=\"screen-reader-text\"> &#8220;Sicurezza&#8221;<\/span><\/a><\/p>\n","protected":false},"author":1,"featured_media":0,"parent":99,"menu_order":0,"comment_status":"closed","ping_status":"closed","template":"","meta":[],"_links":{"self":[{"href":"https:\/\/caiverbicaro.it\/index.php\/wp-json\/wp\/v2\/pages\/101"}],"collection":[{"href":"https:\/\/caiverbicaro.it\/index.php\/wp-json\/wp\/v2\/pages"}],"about":[{"href":"https:\/\/caiverbicaro.it\/index.php\/wp-json\/wp\/v2\/types\/page"}],"author":[{"embeddable":true,"href":"https:\/\/caiverbicaro.it\/index.php\/wp-json\/wp\/v2\/users\/1"}],"replies":[{"embeddable":true,"href":"https:\/\/caiverbicaro.it\/index.php\/wp-json\/wp\/v2\/comments?post=101"}],"version-history":[{"count":38,"href":"https:\/\/caiverbicaro.it\/index.php\/wp-json\/wp\/v2\/pages\/101\/revisions"}],"predecessor-version":[{"id":2208,"href":"https:\/\/caiverbicaro.it\/index.php\/wp-json\/wp\/v2\/pages\/101\/revisions\/2208"}],"up":[{"embeddable":true,"href":"https:\/\/caiverbicaro.it\/index.php\/wp-json\/wp\/v2\/pages\/99"}],"wp:attachment":[{"href":"https:\/\/caiverbicaro.it\/index.php\/wp-json\/wp\/v2\/media?parent=101"}],"curies":[{"name":"wp","href":"https:\/\/api.w.org\/{rel}","templated":true}]}}