{"id":122,"date":"2019-03-06T07:28:08","date_gmt":"2019-03-06T07:28:08","guid":{"rendered":"http:\/\/caiverbicaro.it\/?page_id=122"},"modified":"2020-12-07T17:23:56","modified_gmt":"2020-12-07T17:23:56","slug":"archivio","status":"publish","type":"page","link":"https:\/\/caiverbicaro.it\/index.php\/archivio\/","title":{"rendered":"UNO SGUARDO AL PASSATO"},"content":{"rendered":"\n<div class=\"wp-block-image\"><figure class=\"aligncenter\"><img src=\"http:\/\/caiverbicaro.it\/wp-content\/uploads\/2019\/05\/TAM-new.jpg\" alt=\"\"\/><\/figure><\/div>\n\n\n\n<div class=\"wp-block-image\"><figure class=\"aligncenter\"><img src=\"http:\/\/caiverbicaro.it\/wp-content\/uploads\/2019\/05\/CAI-AVERSA.jpeg\" alt=\"\"\/><\/figure><\/div>\n\n\n\n<p><strong>RITROVO H.8 &nbsp;BUONVICINO PIAZZA 17 SETTEMBRE \u2013 &nbsp;PARTENZA H. 8,30-ARRIVO A SERAPODOLO &nbsp;SERRA COMAROSO &nbsp;H. 10,30<\/strong>&nbsp;LUNGO IL PERCORSO OSSERVAZIONE DI SITI E OPIFICI DI INTERESSE STORICO PAESAGGISTICO E NATURALISTICO.&nbsp;PAUSA COLAZIONE H. 13. SI riprende il cammino per il santuario MADONNA DELLA NEVE su sentiero in costante pendenza con guadagno di quota di m. 326, lungo km. 2,800. Arrivo previsto h. 16, accoglienza con degustazione di prodotti tipici. Ritorno al punto di partenza con percorso di ca. km.3 su strada su strada asfaltata in discesa.<br>Chi intendesse pernottare a Buonvicino pu\u00f2, previa prenotazione, utilizzare a sue spese B&amp;B siti nel centro storico quali: Borgo dei Greci o Antica locanda San Ciriaco.<br>Sono disponibili, sempre previa prenotazione ai numeri indicati pi\u00f9 sotto, 30 posti letto nel rifugio Madonna della Neve. Chi intendesse utilizzare tale possibilit\u00e0, a mezzo di semplice offerta, dovr\u00e0 essere provvisto di sacco a pelo.<\/p>\n\n\n\n<figure class=\"wp-block-image\"><img loading=\"lazy\" width=\"1024\" height=\"668\" src=\"http:\/\/caiverbicaro.it\/wp-content\/uploads\/2019\/06\/C57B2CC9-F8FB-4886-8A08-FDFDE42B28CC-1024x668.jpeg\" alt=\"\" class=\"wp-image-1395\" srcset=\"https:\/\/caiverbicaro.it\/wp-content\/uploads\/2019\/06\/C57B2CC9-F8FB-4886-8A08-FDFDE42B28CC-1024x668.jpeg 1024w, https:\/\/caiverbicaro.it\/wp-content\/uploads\/2019\/06\/C57B2CC9-F8FB-4886-8A08-FDFDE42B28CC-300x196.jpeg 300w, https:\/\/caiverbicaro.it\/wp-content\/uploads\/2019\/06\/C57B2CC9-F8FB-4886-8A08-FDFDE42B28CC-768x501.jpeg 768w, https:\/\/caiverbicaro.it\/wp-content\/uploads\/2019\/06\/C57B2CC9-F8FB-4886-8A08-FDFDE42B28CC-1200x783.jpeg 1200w\" sizes=\"(max-width: 709px) 85vw, (max-width: 909px) 67vw, (max-width: 1362px) 62vw, 840px\" \/><figcaption><strong>Poco prima della partenza<\/strong><\/figcaption><\/figure>\n\n\n\n<figure class=\"wp-block-image\"><img loading=\"lazy\" width=\"1024\" height=\"680\" src=\"http:\/\/caiverbicaro.it\/wp-content\/uploads\/2019\/06\/CD5A502A-A184-4E9F-8F40-03FEEAA0625D-1024x680.jpeg\" alt=\"\" class=\"wp-image-1397\" srcset=\"https:\/\/caiverbicaro.it\/wp-content\/uploads\/2019\/06\/CD5A502A-A184-4E9F-8F40-03FEEAA0625D-1024x680.jpeg 1024w, https:\/\/caiverbicaro.it\/wp-content\/uploads\/2019\/06\/CD5A502A-A184-4E9F-8F40-03FEEAA0625D-300x199.jpeg 300w, https:\/\/caiverbicaro.it\/wp-content\/uploads\/2019\/06\/CD5A502A-A184-4E9F-8F40-03FEEAA0625D-768x510.jpeg 768w, https:\/\/caiverbicaro.it\/wp-content\/uploads\/2019\/06\/CD5A502A-A184-4E9F-8F40-03FEEAA0625D-1200x797.jpeg 1200w\" sizes=\"(max-width: 709px) 85vw, (max-width: 909px) 67vw, (max-width: 1362px) 62vw, 840px\" \/><figcaption><strong>Foto di gruppo in attesa di riprendere il cammino per  Santuario Madonna della Neve<\/strong><\/figcaption><\/figure>\n\n\n\n<p><strong>Caratteristiche del sentiero UCS 614<\/strong><br>Il fondo del sentiero si presenta generalmente a strati naturali e solo in qualche tratto con piani a struttura anche fortemente ghiaiosa. E\u2019 presente segnaletica orizzontale e&nbsp;verticale CAI. Presenza di&nbsp;sorgenti e d\u2019acqua, come quella del Cisso e del Ceraso. Interessanti alcuni punti panoramici, come quello sito presso Piano di Monteverte.<br>Non sono presenti rifugi o ripari attrezzati.<\/p>\n\n\n\n<p><strong>Difficolt\u00e0 E \u2013 Dislivello 326 m. Tempo di percorrenza senza soste, ore 6 \u2013 TRATTE<\/strong><\/p>\n\n\n\n<figure class=\"wp-block-table\"><table><tbody><tr><td>Centro storico Buonvicino-Serapodolo<\/td><td>km 4,551<\/td><\/tr><tr><td>Giro della Valle<\/td><td>km 1,700<\/td><\/tr><tr><td>Serapodolo-Madonna della Neve<\/td><td>km 3,300<\/td><\/tr><tr><td>Madonna della Neve-centro storico<\/td><td>km 2,290<\/td><\/tr><\/tbody><\/table><\/figure>\n\n\n\n<figure class=\"wp-block-image\"><img loading=\"lazy\" width=\"975\" height=\"256\" src=\"http:\/\/caiverbicaro.it\/wp-content\/uploads\/2019\/05\/CD42655C-92E4-4609-88D7-EDA765A529EB.jpeg\" alt=\"\" class=\"wp-image-1253\" srcset=\"https:\/\/caiverbicaro.it\/wp-content\/uploads\/2019\/05\/CD42655C-92E4-4609-88D7-EDA765A529EB.jpeg 975w, https:\/\/caiverbicaro.it\/wp-content\/uploads\/2019\/05\/CD42655C-92E4-4609-88D7-EDA765A529EB-300x79.jpeg 300w, https:\/\/caiverbicaro.it\/wp-content\/uploads\/2019\/05\/CD42655C-92E4-4609-88D7-EDA765A529EB-768x202.jpeg 768w\" sizes=\"(max-width: 709px) 85vw, (max-width: 909px) 67vw, (max-width: 1362px) 62vw, 840px\" \/><\/figure>\n\n\n\n<figure class=\"wp-block-image\"><img loading=\"lazy\" width=\"996\" height=\"531\" src=\"http:\/\/caiverbicaro.it\/wp-content\/uploads\/2019\/05\/2A0A1B6C-01A4-4489-8671-67029C4EE541.jpeg\" alt=\"\" class=\"wp-image-1260\" srcset=\"https:\/\/caiverbicaro.it\/wp-content\/uploads\/2019\/05\/2A0A1B6C-01A4-4489-8671-67029C4EE541.jpeg 996w, https:\/\/caiverbicaro.it\/wp-content\/uploads\/2019\/05\/2A0A1B6C-01A4-4489-8671-67029C4EE541-300x160.jpeg 300w, https:\/\/caiverbicaro.it\/wp-content\/uploads\/2019\/05\/2A0A1B6C-01A4-4489-8671-67029C4EE541-768x409.jpeg 768w\" sizes=\"(max-width: 709px) 85vw, (max-width: 909px) 67vw, (max-width: 1362px) 62vw, 840px\" \/><figcaption><strong>IL PERCORSO(in rosso): DA BUONVICINO A SERAPODOLO A CARCARA SERRA COMAROSO A MADONNA DELLA NEVE<\/strong><\/figcaption><\/figure>\n\n\n\n<figure class=\"wp-block-image\"><img loading=\"lazy\" width=\"970\" height=\"539\" src=\"http:\/\/caiverbicaro.it\/wp-content\/uploads\/2019\/05\/8E812A2D-2A86-4DE8-99ED-3F358F41996F.jpeg\" alt=\"\" class=\"wp-image-1290\" srcset=\"https:\/\/caiverbicaro.it\/wp-content\/uploads\/2019\/05\/8E812A2D-2A86-4DE8-99ED-3F358F41996F.jpeg 970w, https:\/\/caiverbicaro.it\/wp-content\/uploads\/2019\/05\/8E812A2D-2A86-4DE8-99ED-3F358F41996F-300x167.jpeg 300w, https:\/\/caiverbicaro.it\/wp-content\/uploads\/2019\/05\/8E812A2D-2A86-4DE8-99ED-3F358F41996F-768x427.jpeg 768w\" sizes=\"(max-width: 709px) 85vw, (max-width: 909px) 67vw, (max-width: 1362px) 62vw, 840px\" \/><\/figure>\n\n\n\n<p>SCHEDA RETE NATURA 2000<\/p>\n\n\n\n<p>AREA PROTETTA: SERRAPODOLO tipo SIC \u2013 longitudine 15 55\u201913\u201d \u2013 latitudine 39 40\u2019 30\u201d \u2013 superficie ha 1284,93 \u2013 altitudine s.l.m max 1758\/min 625<\/p>\n\n\n\n<p>Ampia area naturale del versante tirrenico calabrese delimitata a sud dal monte La Caccia \u00e8 a sud-est dal gruppo della Montea. In quest\u2019area affiorano rocce calcaree e dolomie grigio scure con lenti di selce di et\u00e0 giurassica. Il resto dell\u2019area che comprende il versante nord- orientale di Monte Frattina , la zona di monte Petricelle e l\u2019area di SERRAPODOLO e Serra Comaroso \u00e8 caratterizzato da in prevalenza da dolomie e calcari dolomitici pi\u00f9 o meno ricristallizzati. Queste rocce generalmente ben stratificate, sono localmente fratturate. Le rocce affioranti nell\u2019intera zona presentano una moderata resistenza all\u2019erosione ed una elevata permeabilit\u00e0. La morfologia \u00e8 quella tipica di rocce calcare con pareti a scarpata ripida e con forme di ambiente carsico per fenomeni di dissoluzione chimica che genera cavit\u00e0 sia superficiali che profonde. La vegetazione \u00e8 caratterizzata da fitti boschi d\u00ed faggio in parte misto ad abete bianco e vegetazione ripariate di salici e pioppi. Il sito appartiene alla regione bioclimatica mediterranea e nella fascia mesomediterranea a regime oceanico stagionale. &nbsp;Alle quite pi\u00f9 elevate( dai 1000 m. in su) il \u00e8 invece caratterizzato da un bioclima di tipo temperato super mediterraneo.<br><\/p>\n\n\n\n<p>FAUNA Bombina pachipus ( Bonaparte 1838), Salamandrina tergiditata(Lecepede 1788), Canis Lupus Linnaeus 1758; Rana dalmatina, Raba italica Dubois, Salamandra salamandra, tribunale italicus, Caoreolus capreolus italicys Festa, Acer Lobelii Ten.<br><\/p>\n\n\n\n<p>IMPATTI E ATTIVIT\u00c0: Caccia illegale, esbosco e pascolo<br><\/p>\n\n\n\n<p>STATO DI PROTEZIONE: Parco Nazionale 100%<br><\/p>\n\n\n\n<p>SIGNIFICATIVIT\u00c0: Sito favorevole alla presenza del Lupo nell catena costiera per la sua struttura e isolamento<br><\/p>\n\n\n\n<p>PROBLEMATICHE: Alto grado di vulnerabilit\u00e0 a causa di incendi e tagli.<\/p>\n","protected":false},"excerpt":{"rendered":"<p>RITROVO H.8 &nbsp;BUONVICINO PIAZZA 17 SETTEMBRE \u2013 &nbsp;PARTENZA H. 8,30-ARRIVO A SERAPODOLO &nbsp;SERRA COMAROSO &nbsp;H. 10,30&nbsp;LUNGO IL PERCORSO OSSERVAZIONE DI SITI E OPIFICI DI INTERESSE STORICO PAESAGGISTICO E NATURALISTICO.&nbsp;PAUSA COLAZIONE H. 13. SI riprende il cammino per il santuario MADONNA DELLA NEVE su sentiero in costante pendenza con guadagno di quota di m. 326, lungo &hellip; <a href=\"https:\/\/caiverbicaro.it\/index.php\/archivio\/\" class=\"more-link\">Leggi tutto<span class=\"screen-reader-text\"> &#8220;UNO SGUARDO AL PASSATO&#8221;<\/span><\/a><\/p>\n","protected":false},"author":1,"featured_media":0,"parent":0,"menu_order":6,"comment_status":"closed","ping_status":"closed","template":"","meta":[],"_links":{"self":[{"href":"https:\/\/caiverbicaro.it\/index.php\/wp-json\/wp\/v2\/pages\/122"}],"collection":[{"href":"https:\/\/caiverbicaro.it\/index.php\/wp-json\/wp\/v2\/pages"}],"about":[{"href":"https:\/\/caiverbicaro.it\/index.php\/wp-json\/wp\/v2\/types\/page"}],"author":[{"embeddable":true,"href":"https:\/\/caiverbicaro.it\/index.php\/wp-json\/wp\/v2\/users\/1"}],"replies":[{"embeddable":true,"href":"https:\/\/caiverbicaro.it\/index.php\/wp-json\/wp\/v2\/comments?post=122"}],"version-history":[{"count":6,"href":"https:\/\/caiverbicaro.it\/index.php\/wp-json\/wp\/v2\/pages\/122\/revisions"}],"predecessor-version":[{"id":1871,"href":"https:\/\/caiverbicaro.it\/index.php\/wp-json\/wp\/v2\/pages\/122\/revisions\/1871"}],"wp:attachment":[{"href":"https:\/\/caiverbicaro.it\/index.php\/wp-json\/wp\/v2\/media?parent=122"}],"curies":[{"name":"wp","href":"https:\/\/api.w.org\/{rel}","templated":true}]}}