{"id":131,"date":"2019-03-06T07:39:19","date_gmt":"2019-03-06T07:39:19","guid":{"rendered":"http:\/\/caiverbicaro.it\/?page_id=131"},"modified":"2025-01-21T01:07:30","modified_gmt":"2025-01-21T01:07:30","slug":"seniores","status":"publish","type":"page","link":"https:\/\/caiverbicaro.it\/index.php\/gruppi\/seniores\/","title":{"rendered":"\u201cLE RICORDANZE\u201d Gruppo Seniores"},"content":{"rendered":"\n<p class=\"has-text-align-left\">\u201c<b><i>LE RICORDANZE<\/i><\/b>\u201d<strong><em>\u201d: <\/em><\/strong>il gruppo si \u00e8 costituito tra i soci pi\u00f9 anziani in et\u00e0 della sezione, con l\u2019intenzione di svolgere attivit\u00e0 escursionistica nei sentieri mediamente aspri che si caratterizzano per la loro valenza storica e ambientale-paesaggistica, attraverso i quali ritroviamo i luoghi della nostra identit\u00e0. L\u2019attivit\u00e0 del gruppo sar\u00e0 integrata nella ordinaria attivit\u00e0 della sezione e con partecipazione aperta a tutti i soci. La partecipazione, anche con forme di gemellaggio, con gruppi seniores di altre sezioni CAI \u00e8 tra gli obiettivi del gruppo <strong><em>\u201cLE RICORDANZE\u201d<\/em><\/strong><\/p>\n","protected":false},"excerpt":{"rendered":"<p>\u201cLE RICORDANZE\u201d\u201d: il gruppo si \u00e8 costituito tra i soci pi\u00f9 anziani in et\u00e0 della sezione, con l\u2019intenzione di svolgere attivit\u00e0 escursionistica nei sentieri mediamente aspri che si caratterizzano per la loro valenza storica e ambientale-paesaggistica, attraverso i quali ritroviamo i luoghi della nostra identit\u00e0. L\u2019attivit\u00e0 del gruppo sar\u00e0 integrata nella ordinaria attivit\u00e0 della sezione &hellip; <a href=\"https:\/\/caiverbicaro.it\/index.php\/gruppi\/seniores\/\" class=\"more-link\">Leggi tutto<span class=\"screen-reader-text\"> &#8220;\u201cLE RICORDANZE\u201d Gruppo Seniores&#8221;<\/span><\/a><\/p>\n","protected":false},"author":1,"featured_media":0,"parent":108,"menu_order":3,"comment_status":"closed","ping_status":"closed","template":"","meta":[],"_links":{"self":[{"href":"https:\/\/caiverbicaro.it\/index.php\/wp-json\/wp\/v2\/pages\/131"}],"collection":[{"href":"https:\/\/caiverbicaro.it\/index.php\/wp-json\/wp\/v2\/pages"}],"about":[{"href":"https:\/\/caiverbicaro.it\/index.php\/wp-json\/wp\/v2\/types\/page"}],"author":[{"embeddable":true,"href":"https:\/\/caiverbicaro.it\/index.php\/wp-json\/wp\/v2\/users\/1"}],"replies":[{"embeddable":true,"href":"https:\/\/caiverbicaro.it\/index.php\/wp-json\/wp\/v2\/comments?post=131"}],"version-history":[{"count":6,"href":"https:\/\/caiverbicaro.it\/index.php\/wp-json\/wp\/v2\/pages\/131\/revisions"}],"predecessor-version":[{"id":2316,"href":"https:\/\/caiverbicaro.it\/index.php\/wp-json\/wp\/v2\/pages\/131\/revisions\/2316"}],"up":[{"embeddable":true,"href":"https:\/\/caiverbicaro.it\/index.php\/wp-json\/wp\/v2\/pages\/108"}],"wp:attachment":[{"href":"https:\/\/caiverbicaro.it\/index.php\/wp-json\/wp\/v2\/media?parent=131"}],"curies":[{"name":"wp","href":"https:\/\/api.w.org\/{rel}","templated":true}]}}