{"id":143,"date":"2019-03-06T08:13:00","date_gmt":"2019-03-06T08:13:00","guid":{"rendered":"http:\/\/caiverbicaro.it\/?page_id=143"},"modified":"2019-04-11T09:21:12","modified_gmt":"2019-04-11T09:21:12","slug":"un-po-di-storia","status":"publish","type":"page","link":"https:\/\/caiverbicaro.it\/index.php\/la-sezione-pino-aversa\/un-po-di-storia\/","title":{"rendered":"Storia e tradizioni"},"content":{"rendered":"\n<p>Aprendo questo link leggerai di storie e tradizioni dell\u2019Orsomarso <a href=\"http:\/\/www.orsomarsoblues.it\/\" target=\"_blank\" rel=\"noreferrer noopener\" aria-label=\" (si apre in una nuova scheda)\">http:\/\/www.orsomarsoblues.it\/<\/a><\/p>\n\n\n\n<p>Il toponimo Monti dell\u2019Orsomarso \u00e8 stato attribuito dal biologo Franco Tassi nel 1960, prendendo a prestito il nome del Comune di Orsomarso che, a sua volta, secondo fonti storiche non certe, avrebbe preso il nome dal proconsole Ursius Martius, inviato dai romani per il controllo del territorio dopo la sconfitta di Annibale.<\/p>\n\n\n\n<p>I borghi dell\u2019Orsomarso  Grisolia <a rel=\"noreferrer noopener\" aria-label=\" (si apre in una nuova scheda)\" href=\"http:\/\/www.orsomarsoblues.it\/2013\/08\/i-paesi-del-parco-grisolia-cs\/\" target=\"_blank\">http:\/\/www.orsomarsoblues.it\/2013\/08\/i-paesi-del-parco-grisolia-cs\/<\/a><\/p>\n\n\n\n<p>I borghi dell\u2019Orsomarso Buonvicino <a href=\"http:\/\/www.orsomarsoblues.it\/2013\/08\/i-paesi-del-parco-buonvicino-cs\/\" target=\"_blank\" rel=\"noreferrer noopener\" aria-label=\" (si apre in una nuova scheda)\">http:\/\/www.orsomarsoblues.it\/2013\/08\/i-paesi-del-parco-buonvicino-cs\/<\/a><\/p>\n\n\n\n<p> La regione dei monti dell\u2019Orsomarso \u00e8 frequentata da tempi immemorabili, testimoniati da ritrovamenti archeologici risalenti al paleolitico superiore.<br>Pi\u00f9 avanti nel tempo, dal VII al III secolo a.C., gli Achei di Sibari utilizzarono l\u2019istmo che da Laino porta alla foce del Lao, creato dalle profonde erosioni causate dal fiume nelle pareti montuose attorno al Ciagola con la presenza della grotta del Romito di grande importanza storica per la presenza di sepolture contenenti scheletri ben conservati e di reperti databili tra 23.000 e 10.000 anni fa che hanno permesso di comprendere l\u2019organizzazione sociale e le abitudini alimentari dell\u2019homo sapiens. All\u2019ingresso &nbsp;della grotta la figura di  \u201curo\u201d, il Bos primigenius, incisa su di un masso. L\u2019incisione risale a 10.500 anni fa ed \u00e8 considerata la pi\u00f9 bella dell\u2019area del mediterraneo. Scavi archeologici tuttora in corso, hanno permesso il ritrovamento di resti di citt\u00e0  greco-romane nei Comuni di Tortora e di S. Maria del Cedro.<\/p>\n\n\n\n<p>I borghi dell\u2019Orsomarso Verbicaro<a rel=\"noreferrer noopener\" aria-label=\" (si apre in una nuova scheda)\" href=\"http:\/\/www.orsomarsoblues.it\/2013\/08\/i-paesi-del-parco-verbicaro-2\/\" target=\"_blank\">http:\/\/www.orsomarsoblues.it\/2013\/08\/i-paesi-del-parco-verbicaro-2\/<\/a><\/p>\n\n\n\n<p>I borghi dell\u2019Orsomarso Aieta<a rel=\"noreferrer noopener\" aria-label=\" (si apre in una nuova scheda)\" href=\"http:\/\/www.orsomarsoblues.it\/2013\/01\/parco-del-pollino-i-paesi-del-parco-aieta\/\" target=\"_blank\">http:\/\/www.orsomarsoblues.it\/2013\/01\/parco-del-pollino-i-paesi-del-parco-aieta\/<\/a><\/p>\n\n\n\n<p>Nella seconda met\u00e0 del 1900, una dissennata politica autorizz\u00f2 tagli indiscriminati nei boschi con la conseguenza della distruzione del patrimonio boschivo. Quando, nel 1950, non c\u2019era pi\u00f9 niente da tagliare, il territorio fu lasciato a se stesso, vittima anche di dissesto idrogeologico. Nello stesso periodo, con la massiccia emigrazione verso il Nord, furono abbandonate le attivit\u00e0 legate alla montagna; pastorizia, carbone, agricoltura: le comunit\u00e0 sociali si spostarono sempre pi\u00f9 a valle. Il bosco ha ripreso a vegetare, pi\u00f9 velocemente di quanto si potesse immaginare, acquistando il fantastico aspetto che oggi ci offre.<br><\/p>\n","protected":false},"excerpt":{"rendered":"<p>Aprendo questo link leggerai di storie e tradizioni dell\u2019Orsomarso http:\/\/www.orsomarsoblues.it\/ Il toponimo Monti dell\u2019Orsomarso \u00e8 stato attribuito dal biologo Franco Tassi nel 1960, prendendo a prestito il nome del Comune di Orsomarso che, a sua volta, secondo fonti storiche non certe, avrebbe preso il nome dal proconsole Ursius Martius, inviato dai romani per il controllo &hellip; <a href=\"https:\/\/caiverbicaro.it\/index.php\/la-sezione-pino-aversa\/un-po-di-storia\/\" class=\"more-link\">Leggi tutto<span class=\"screen-reader-text\"> &#8220;Storia e tradizioni&#8221;<\/span><\/a><\/p>\n","protected":false},"author":1,"featured_media":0,"parent":78,"menu_order":4,"comment_status":"closed","ping_status":"closed","template":"","meta":[],"_links":{"self":[{"href":"https:\/\/caiverbicaro.it\/index.php\/wp-json\/wp\/v2\/pages\/143"}],"collection":[{"href":"https:\/\/caiverbicaro.it\/index.php\/wp-json\/wp\/v2\/pages"}],"about":[{"href":"https:\/\/caiverbicaro.it\/index.php\/wp-json\/wp\/v2\/types\/page"}],"author":[{"embeddable":true,"href":"https:\/\/caiverbicaro.it\/index.php\/wp-json\/wp\/v2\/users\/1"}],"replies":[{"embeddable":true,"href":"https:\/\/caiverbicaro.it\/index.php\/wp-json\/wp\/v2\/comments?post=143"}],"version-history":[{"count":11,"href":"https:\/\/caiverbicaro.it\/index.php\/wp-json\/wp\/v2\/pages\/143\/revisions"}],"predecessor-version":[{"id":928,"href":"https:\/\/caiverbicaro.it\/index.php\/wp-json\/wp\/v2\/pages\/143\/revisions\/928"}],"up":[{"embeddable":true,"href":"https:\/\/caiverbicaro.it\/index.php\/wp-json\/wp\/v2\/pages\/78"}],"wp:attachment":[{"href":"https:\/\/caiverbicaro.it\/index.php\/wp-json\/wp\/v2\/media?parent=143"}],"curies":[{"name":"wp","href":"https:\/\/api.w.org\/{rel}","templated":true}]}}