{"id":271,"date":"2019-03-09T17:17:51","date_gmt":"2019-03-09T17:17:51","guid":{"rendered":"http:\/\/caiverbicaro.it\/?page_id=271"},"modified":"2023-05-31T10:17:50","modified_gmt":"2023-05-31T10:17:50","slug":"arrampicata","status":"publish","type":"page","link":"https:\/\/caiverbicaro.it\/index.php\/arrampicata\/","title":{"rendered":"ARRAMPICATA"},"content":{"rendered":"\n<p>Le falesie attrezzate nei pressi del Comune di Orsomarso sono due: le pareti adiacenti alla grotta di Mercuri, lungo il fiume Lao, sulla cui sommit\u00e0 si trova la caratteristica chiesetta di S. Maria di Mercuri e quelle adiacenti alla grotta della Madonna di Lourdes, poco prima di entrare nell&#8217;abitato. Le falesie sono attrezzate con chiodatura a fittoni inox resinati e placchette inox da 10 mm. La roccia \u00e8 di tipo calcareo-dolomitica. Possibilit\u00e0 di arrampicata fino a 30 m. e con grado di difficolt\u00e0 da 5 a 8. La chiodatura degli itinerari \u00e8 stata finanziata dal Comune di Orsomarso e realizzata dai chiodatori del Centro Arrampicata CLIMBING HOUSE di Salerno. Hanno contribuito anche Daniela Brancatelli e Giampaolo Marziano.<br><\/p>\n\n\n\n<p>La prima falesia che si incontra andando ad Orsomarso \u00e8 quella che si trova subito dopo un ponte sul fiume Lao, sotto la caratteristica chiesa di S.Maria di Mercuri.   La falesia offre la possibilit\u00e0 di salire vie dal 4 all&#8217; 8A<br><\/p>\n","protected":false},"excerpt":{"rendered":"<p>Le falesie attrezzate nei pressi del Comune di Orsomarso sono due: le pareti adiacenti alla grotta di Mercuri, lungo il fiume Lao, sulla cui sommit\u00e0 si trova la caratteristica chiesetta di S. Maria di Mercuri e quelle adiacenti alla grotta della Madonna di Lourdes, poco prima di entrare nell&#8217;abitato. Le falesie sono attrezzate con chiodatura &hellip; <a href=\"https:\/\/caiverbicaro.it\/index.php\/arrampicata\/\" class=\"more-link\">Leggi tutto<span class=\"screen-reader-text\"> &#8220;ARRAMPICATA&#8221;<\/span><\/a><\/p>\n","protected":false},"author":1,"featured_media":0,"parent":0,"menu_order":7,"comment_status":"closed","ping_status":"closed","template":"","meta":[],"_links":{"self":[{"href":"https:\/\/caiverbicaro.it\/index.php\/wp-json\/wp\/v2\/pages\/271"}],"collection":[{"href":"https:\/\/caiverbicaro.it\/index.php\/wp-json\/wp\/v2\/pages"}],"about":[{"href":"https:\/\/caiverbicaro.it\/index.php\/wp-json\/wp\/v2\/types\/page"}],"author":[{"embeddable":true,"href":"https:\/\/caiverbicaro.it\/index.php\/wp-json\/wp\/v2\/users\/1"}],"replies":[{"embeddable":true,"href":"https:\/\/caiverbicaro.it\/index.php\/wp-json\/wp\/v2\/comments?post=271"}],"version-history":[{"count":3,"href":"https:\/\/caiverbicaro.it\/index.php\/wp-json\/wp\/v2\/pages\/271\/revisions"}],"predecessor-version":[{"id":2266,"href":"https:\/\/caiverbicaro.it\/index.php\/wp-json\/wp\/v2\/pages\/271\/revisions\/2266"}],"wp:attachment":[{"href":"https:\/\/caiverbicaro.it\/index.php\/wp-json\/wp\/v2\/media?parent=271"}],"curies":[{"name":"wp","href":"https:\/\/api.w.org\/{rel}","templated":true}]}}