{"id":309,"date":"2019-03-10T16:38:34","date_gmt":"2019-03-10T16:38:34","guid":{"rendered":"http:\/\/caiverbicaro.it\/?page_id=309"},"modified":"2025-01-21T01:02:49","modified_gmt":"2025-01-21T01:02:49","slug":"programma","status":"publish","type":"page","link":"https:\/\/caiverbicaro.it\/index.php\/attivita-2\/programma\/","title":{"rendered":"Programma 2025"},"content":{"rendered":"\n<p class=\"has-bright-red-background-color has-background\"><strong>LE ESCURSIONI E GLI EVENTI IN PROGRAMMA POTRANNO SUBIRE VARIAZIONI<\/strong> <\/p>\n\n\n\n<p class=\"has-text-color\" style=\"color:#cc0c22\"><em><strong>L<\/strong><\/em><strong><em>a scheda tecnica di ogni attivit\u00e0 con le indicazioni relative a difficolt\u00e0 tecnica,  tempi di percorrenza e altri elementi utili per affrontare in sicurezza il percorso, sar\u00e0 fornita dai responsabili di escursione<\/em><\/strong><\/p>\n\n\n\n<p><strong>IMPORTANTE<br><em>I non soci potranno partecipare alle escursioni previa prenotazione all\u2019accompagnatore di gita e pagamento della quota di assicurazione con almeno due giorni di anticipo dalla data dell\u2019escursione. Il mancato rispetto di questa condizione comporter\u00e0 l\u2019esclusione dalla escursione per mancanza della copertura assicurativa. La richiesta di partecipazione comporta la dichiarazione esplicita di essere in buone condizioni fisiche per superare le difficolt\u00e0 del percorso e di avere letto la scheda tecnica dell\u2019escursione.<\/em><\/strong><\/p>\n\n\n\n<p><strong>La qualit\u00e0 e la sicurezza delle attivit\u00e0 \u00e8 data dall\u2019esperienza dei capi gita, tutti volontari, alcuni dei quali in possesso di specifiche qualifiche CAI. Per poter partecipare alle gite sociali \u00e8 necessario essere iscritti al CAI, anche se \u00e8 ammessa la partecipazione di non Soci i quali dovranno versare una quota di euro 10,00 al momento della partecipazione quale contributo per oneri assicurativi e spese organizzative.<\/strong><\/p>\n\n\n\n<p class=\"has-text-color has-background\" style=\"background-color:#a30016;color:#bcb309\"><strong>Per partecipare a ciascuna uscita \u00e8 fatto obbligo a tutti di prenotarsi entro le ore 20 del giorno precedente l\u2019uscita ad uno dei seguenti numeri:  349 0596145.<\/strong><\/p>\n\n\n\n<p class=\"has-text-color has-background\" style=\"background-color:#a30016;color:#bcb309\"><strong>CON LA DOMANDA DI PARTECIPAZIONE IL RICHIEDENTE ESPRIME IMPLICITA DICHIARAZIONE DI IDONEITA&#8217; FISICA PER AFFRONTARE E SUPERARE LE DIFFICOLTA&#8217; DEL PERCORSO COME INDICATO NELLA SCHEDA TECNICA DELL&#8217;ESCURSIONE<\/strong><\/p>\n\n\n\n<p class=\"has-text-align-center\"><\/p>\n\n\n\n<div class=\"wp-block-file\"><object class=\"wp-block-file__embed\" data=\"https:\/\/caiverbicaro.it\/wp-content\/uploads\/2025\/01\/programma-CAI-Verbicaro-2025_compressed-2.pdf\" type=\"application\/pdf\" style=\"width:100%;height:600px\" aria-label=\"Incorporamento di Programma CAI Verbicaro 2025.\"><\/object><a href=\"https:\/\/caiverbicaro.it\/wp-content\/uploads\/2025\/01\/programma-CAI-Verbicaro-2025_compressed-2.pdf\">Programma CAI Verbicaro 2025<\/a><a href=\"https:\/\/caiverbicaro.it\/wp-content\/uploads\/2025\/01\/programma-CAI-Verbicaro-2025_compressed-2.pdf\" class=\"wp-block-file__button\" download>Download<\/a><\/div>\n\n\n\n<figure class=\"wp-block-gallery columns-0 is-cropped\"><ul class=\"blocks-gallery-grid\"><\/ul><\/figure>\n\n\n\n<p class=\"has-text-align-center\"><strong>ESCURSIONI FUORI PROGRAMMA<\/strong><\/p>\n\n\n\n<p class=\"has-text-align-left\"><strong>Durante l\u2019anno potr\u00e0 verificarsi che gruppi di soci si attivino per escursioni non programmate. <\/strong><br><strong>In questi casi il socio volontario, in possesso di specifiche qualifiche riconosciute e dichiarate pu\u00f2 richiedere al Presidente di promuovere l\u2019uscita comunicando allo stesso anche tramite WhatsApp il percorso previsto, la data di realizzazione dell\u2019escursione, la difficolt\u00e0 della stessa, i tempi ed i nominativi dei soci partecipanti. L\u2019uscita, se approvata, sar\u00e0 comunicata con tutti i dati del caso e definita nella Piattaforma CAI ai fini anche assicurativi e delle responsabilit\u00e0 civili e penali conseguenti.<\/strong><\/p>\n\n\n\n<p class=\"has-text-align-center has-yellow-color has-bright-blue-background-color has-text-color has-background\"><\/p>\n","protected":false},"excerpt":{"rendered":"<p>LE ESCURSIONI E GLI EVENTI IN PROGRAMMA POTRANNO SUBIRE VARIAZIONI La scheda tecnica di ogni attivit\u00e0 con le indicazioni relative a difficolt\u00e0 tecnica, tempi di percorrenza e altri elementi utili per affrontare in sicurezza il percorso, sar\u00e0 fornita dai responsabili di escursione IMPORTANTEI non soci potranno partecipare alle escursioni previa prenotazione all\u2019accompagnatore di gita e &hellip; <a href=\"https:\/\/caiverbicaro.it\/index.php\/attivita-2\/programma\/\" class=\"more-link\">Leggi tutto<span class=\"screen-reader-text\"> &#8220;Programma 2025&#8221;<\/span><\/a><\/p>\n","protected":false},"author":1,"featured_media":0,"parent":1150,"menu_order":1,"comment_status":"closed","ping_status":"closed","template":"","meta":[],"_links":{"self":[{"href":"https:\/\/caiverbicaro.it\/index.php\/wp-json\/wp\/v2\/pages\/309"}],"collection":[{"href":"https:\/\/caiverbicaro.it\/index.php\/wp-json\/wp\/v2\/pages"}],"about":[{"href":"https:\/\/caiverbicaro.it\/index.php\/wp-json\/wp\/v2\/types\/page"}],"author":[{"embeddable":true,"href":"https:\/\/caiverbicaro.it\/index.php\/wp-json\/wp\/v2\/users\/1"}],"replies":[{"embeddable":true,"href":"https:\/\/caiverbicaro.it\/index.php\/wp-json\/wp\/v2\/comments?post=309"}],"version-history":[{"count":39,"href":"https:\/\/caiverbicaro.it\/index.php\/wp-json\/wp\/v2\/pages\/309\/revisions"}],"predecessor-version":[{"id":2314,"href":"https:\/\/caiverbicaro.it\/index.php\/wp-json\/wp\/v2\/pages\/309\/revisions\/2314"}],"up":[{"embeddable":true,"href":"https:\/\/caiverbicaro.it\/index.php\/wp-json\/wp\/v2\/pages\/1150"}],"wp:attachment":[{"href":"https:\/\/caiverbicaro.it\/index.php\/wp-json\/wp\/v2\/media?parent=309"}],"curies":[{"name":"wp","href":"https:\/\/api.w.org\/{rel}","templated":true}]}}