{"id":313,"date":"2019-03-10T16:42:35","date_gmt":"2019-03-10T16:42:35","guid":{"rendered":"http:\/\/caiverbicaro.it\/?page_id=313"},"modified":"2019-11-02T21:06:27","modified_gmt":"2019-11-02T21:06:27","slug":"galleria","status":"publish","type":"page","link":"https:\/\/caiverbicaro.it\/index.php\/archivio\/galleria\/","title":{"rendered":"Galleria"},"content":{"rendered":"\n<p><\/p>\n\n\n\n<ul class=\"wp-block-gallery columns-1 is-cropped\"><li class=\"blocks-gallery-item\"><figure><img loading=\"lazy\" width=\"1024\" height=\"410\" src=\"http:\/\/caiverbicaro.it\/wp-content\/uploads\/2019\/03\/6FEEA43E-14BB-4171-B3AF-F20B843F2A83-1024x410.jpeg\" alt=\"\" data-id=\"604\" data-link=\"http:\/\/caiverbicaro.it\/index.php\/attivita-ed-eventi\/le-escursioni\/6feea43e-14bb-4171-b3af-f20b843f2a83\/\" class=\"wp-image-604\" srcset=\"https:\/\/caiverbicaro.it\/wp-content\/uploads\/2019\/03\/6FEEA43E-14BB-4171-B3AF-F20B843F2A83-1024x410.jpeg 1024w, https:\/\/caiverbicaro.it\/wp-content\/uploads\/2019\/03\/6FEEA43E-14BB-4171-B3AF-F20B843F2A83-300x120.jpeg 300w, https:\/\/caiverbicaro.it\/wp-content\/uploads\/2019\/03\/6FEEA43E-14BB-4171-B3AF-F20B843F2A83-768x307.jpeg 768w, https:\/\/caiverbicaro.it\/wp-content\/uploads\/2019\/03\/6FEEA43E-14BB-4171-B3AF-F20B843F2A83-1200x480.jpeg 1200w\" sizes=\"(max-width: 709px) 85vw, (max-width: 909px) 67vw, (max-width: 1362px) 62vw, 840px\" \/><\/figure><\/li><\/ul>\n\n\n\n<ul class=\"wp-block-gallery columns-1 is-cropped\"><li class=\"blocks-gallery-item\"><figure><img loading=\"lazy\" width=\"1024\" height=\"169\" src=\"http:\/\/caiverbicaro.it\/wp-content\/uploads\/2019\/03\/A1FC5D4A-E2B7-46BA-9738-8D0240636003-1024x169.jpeg\" alt=\"\" data-id=\"606\" data-link=\"http:\/\/caiverbicaro.it\/index.php\/attivita-ed-eventi\/le-escursioni\/a1fc5d4a-e2b7-46ba-9738-8d0240636003\/\" class=\"wp-image-606\" srcset=\"https:\/\/caiverbicaro.it\/wp-content\/uploads\/2019\/03\/A1FC5D4A-E2B7-46BA-9738-8D0240636003-1024x169.jpeg 1024w, https:\/\/caiverbicaro.it\/wp-content\/uploads\/2019\/03\/A1FC5D4A-E2B7-46BA-9738-8D0240636003-300x49.jpeg 300w, https:\/\/caiverbicaro.it\/wp-content\/uploads\/2019\/03\/A1FC5D4A-E2B7-46BA-9738-8D0240636003-768x127.jpeg 768w, https:\/\/caiverbicaro.it\/wp-content\/uploads\/2019\/03\/A1FC5D4A-E2B7-46BA-9738-8D0240636003.jpeg 1086w\" sizes=\"(max-width: 709px) 85vw, (max-width: 909px) 67vw, (max-width: 1362px) 62vw, 840px\" \/><\/figure><\/li><\/ul>\n\n\n\n<p style=\"text-align:left\"><strong>CAMMINA ITALIA CAI \u2013 2019<\/strong><\/p>\n\n\n\n<div class=\"wp-block-file\"><strong>Scarica la Presentazione del percorso<\/strong>\u2003\u2003\u2003\u2003\u2003\u2003\u2003\u2003\u2003\u2003\u2003<a href=\"http:\/\/caiverbicaro.it\/wp-content\/uploads\/2019\/04\/Presentazione-Sentiero-Italia.pdf\" class=\"wp-block-file__button\" download=\"\">Scarica<\/a><\/div>\n\n\n\n<p><strong>SCHEDA<\/strong><br>\n16 marzo 2019 seconda tappa del tratto calabrese del sentiero Italia&nbsp;<em>SI UCS 805&nbsp;&nbsp;<\/em>da casa cantoniera di Pietrabianca a passo dello Scalone.<\/p>\n\n\n\n<p>DATA 16\/03\/19<br>Da: Pietrabianca (Fagnano Castello)<br>A: Passo dello Scalone (Sangineto)<br>Posto tappa: Sangineto<br><strong>Difficolt\u00e0: E<\/strong><br>Lunghezza: km 23,4<br>Dislivello \u00f1: 631<br>Dislivello \u00f2: 652<br>Durata soste escluse: 5 ore<br><br><strong>Escursione proposta:<\/strong><br>\u2022 Da ore 8,00 a ore 12,30<br>Lago Trifoglietti \u2013 Lago Paglia \u2013 Lago Penna<br>Km. 11 Ore 4<br>\u2022 Da ore 13,30 a ore 15,30<br>Lago Penna \u2013 Cannizzola \u2013 Sangineto Km. 4 Ore 1:50<br><br><\/p>\n\n\n\n<figure class=\"wp-block-image\"><img loading=\"lazy\" width=\"1024\" height=\"589\" src=\"http:\/\/caiverbicaro.it\/wp-content\/uploads\/2019\/04\/escursione-16marzo-1-1024x589.jpg\" alt=\"\" class=\"wp-image-894\" srcset=\"https:\/\/caiverbicaro.it\/wp-content\/uploads\/2019\/04\/escursione-16marzo-1-1024x589.jpg 1024w, https:\/\/caiverbicaro.it\/wp-content\/uploads\/2019\/04\/escursione-16marzo-1-300x173.jpg 300w, https:\/\/caiverbicaro.it\/wp-content\/uploads\/2019\/04\/escursione-16marzo-1-768x442.jpg 768w, https:\/\/caiverbicaro.it\/wp-content\/uploads\/2019\/04\/escursione-16marzo-1-1200x691.jpg 1200w, https:\/\/caiverbicaro.it\/wp-content\/uploads\/2019\/04\/escursione-16marzo-1.jpg 1682w\" sizes=\"(max-width: 709px) 85vw, (max-width: 909px) 67vw, (max-width: 1362px) 62vw, 840px\" \/><\/figure>\n\n\n\n<p class=\"has-background has-drop-cap has-light-blue-background-color\"><strong>sabato 18 e domenica 19<\/strong>&nbsp; <strong>maggio<\/strong> seconda lezione del corso ORTAM di formazione di operatori regionali TAM (tutela ambiente montano. Due giorni in ritiro nel rifugio \u201cBiagio Longo\u201d a Campotenese dove abbiamo avuto il privilegio di ascoltare tre personalit\u00e0 di primo piano nelle materie delle loro professioni: il geologo Marino Sorriso che ci ha raccontato le avventure di un viaggio che il continente africano decise di fare qualche milione di anni fa per raggiungere la bella Italia e accasarsi con la nostra Calabria; il prof. Felice Spingola, sociologo esperto di cooperazione internazionale, ci ha raccontato come questi nostri monti siano un prezioso deposito di tradizioni culturali, di saperi e di antiche tecniche di produzione, luoghi di accoglienza e crogiolo di popoli di etnie diverse dove hanno trovato l\u2019ambiente naturale e umano per vivere in armonia; la bio-architetta Donatella Rodriguez ci ha guidato sui sentieri delle acque dei monti alle nostre spalle dove rimangono testimoni muti i tanti mulini ed opifici, di straordinaria ingegneria e bellezza, che un tempo, catturando le acque incontaminate dei torrenti, restituivano pregiate farine, soffice lana battuta o la ginestra resa lavorabile per tessere preziosi tessuti, oggi colpevolmente in stato di abbandono. Questi sono i luoghi che vogliamo tutelare.<\/p>\n\n\n\n<figure class=\"wp-block-image\"><img loading=\"lazy\" width=\"518\" height=\"349\" src=\"http:\/\/caiverbicaro.it\/wp-content\/uploads\/2019\/06\/0F379DA9-76B0-4D6A-867C-A1B5B4796F9A.jpeg\" alt=\"\" class=\"wp-image-1372\" srcset=\"https:\/\/caiverbicaro.it\/wp-content\/uploads\/2019\/06\/0F379DA9-76B0-4D6A-867C-A1B5B4796F9A.jpeg 518w, https:\/\/caiverbicaro.it\/wp-content\/uploads\/2019\/06\/0F379DA9-76B0-4D6A-867C-A1B5B4796F9A-300x202.jpeg 300w\" sizes=\"(max-width: 518px) 85vw, 518px\" \/><\/figure>\n","protected":false},"excerpt":{"rendered":"<p>CAMMINA ITALIA CAI \u2013 2019 Scarica la Presentazione del percorso\u2003\u2003\u2003\u2003\u2003\u2003\u2003\u2003\u2003\u2003\u2003Scarica SCHEDA 16 marzo 2019 seconda tappa del tratto calabrese del sentiero Italia&nbsp;SI UCS 805&nbsp;&nbsp;da casa cantoniera di Pietrabianca a passo dello Scalone. DATA 16\/03\/19Da: Pietrabianca (Fagnano Castello)A: Passo dello Scalone (Sangineto)Posto tappa: SanginetoDifficolt\u00e0: ELunghezza: km 23,4Dislivello \u00f1: 631Dislivello \u00f2: 652Durata soste escluse: 5 ore Escursione &hellip; <a href=\"https:\/\/caiverbicaro.it\/index.php\/archivio\/galleria\/\" class=\"more-link\">Leggi tutto<span class=\"screen-reader-text\"> &#8220;Galleria&#8221;<\/span><\/a><\/p>\n","protected":false},"author":1,"featured_media":0,"parent":122,"menu_order":2,"comment_status":"closed","ping_status":"closed","template":"","meta":[],"_links":{"self":[{"href":"https:\/\/caiverbicaro.it\/index.php\/wp-json\/wp\/v2\/pages\/313"}],"collection":[{"href":"https:\/\/caiverbicaro.it\/index.php\/wp-json\/wp\/v2\/pages"}],"about":[{"href":"https:\/\/caiverbicaro.it\/index.php\/wp-json\/wp\/v2\/types\/page"}],"author":[{"embeddable":true,"href":"https:\/\/caiverbicaro.it\/index.php\/wp-json\/wp\/v2\/users\/1"}],"replies":[{"embeddable":true,"href":"https:\/\/caiverbicaro.it\/index.php\/wp-json\/wp\/v2\/comments?post=313"}],"version-history":[{"count":44,"href":"https:\/\/caiverbicaro.it\/index.php\/wp-json\/wp\/v2\/pages\/313\/revisions"}],"predecessor-version":[{"id":1535,"href":"https:\/\/caiverbicaro.it\/index.php\/wp-json\/wp\/v2\/pages\/313\/revisions\/1535"}],"up":[{"embeddable":true,"href":"https:\/\/caiverbicaro.it\/index.php\/wp-json\/wp\/v2\/pages\/122"}],"wp:attachment":[{"href":"https:\/\/caiverbicaro.it\/index.php\/wp-json\/wp\/v2\/media?parent=313"}],"curies":[{"name":"wp","href":"https:\/\/api.w.org\/{rel}","templated":true}]}}