{"id":84,"date":"2019-03-06T06:35:13","date_gmt":"2019-03-06T06:35:13","guid":{"rendered":"http:\/\/caiverbicaro.it\/?page_id=84"},"modified":"2019-05-30T19:32:02","modified_gmt":"2019-05-30T19:32:02","slug":"biodiversita","status":"publish","type":"page","link":"https:\/\/caiverbicaro.it\/index.php\/la-sezione-pino-aversa\/biodiversita\/","title":{"rendered":"Biodiversit\u00e0"},"content":{"rendered":"\n<p>Il 46% circa del territorio della Calabria \u00e8 costituito da superfici boschive di cui una parte preponderante si trova nel territorio dei monti dell\u2019Orsomarso. Questi boschi formano un ecosistema forestale di grande valenza naturale, &nbsp;ambientale e paesaggistica. La loro importanza \u00e8 dovuta pi\u00f9 che alla quantit\u00e0, alla qualit\u00e0 del bosco, costituito da una notevole variet\u00e0 di specie arboree e del sottobosco, in una consociazione che offre un paesaggio spettacolare, ricco di angoli suggestivi e di profumi inebrianti. Cerri, roveri, castagni, lecci, farnetto, ontano napoletano,faggio convivono coprendo l\u2019intera superficie fino alle vette dei monti dove regna solitario il Pino loricato. La notevole biodiversit\u00e0 esistente \u00e8 anche un fattore importante per la resilienza dei boschi. Biodiversit\u00e0 non solo floristica. Per la fauna sono presenti il lupo, il capriolo autoctono, il castoro nero; nei laghi di Fagnano sono presenti rari tritoni; tra  gli uccelli, il capovaccaio,  l\u2019Aquila reale, la poiana, il falco pellegrino. <\/p>\n\n\n\n<p>Dal punto di vista geologico sono caratteristici i monoliti calcarei che spuntano dalla pareti rocciose, quasi a volerci indicare di volgere lo sguardo in alto: caratteristica la pietra campanaria, un monolite alto ca 7 metri, che spunta dalla boscaglia.  A pochi chilometri da Verbicaro, degli ofioliti testimoniano che migliaia di anni fa quelle terre erano vulcani immersi nel mediterraneo.<\/p>\n\n\n\n<ul class=\"wp-block-gallery columns-3 is-cropped\"><li class=\"blocks-gallery-item\"><figure><img loading=\"lazy\" width=\"705\" height=\"852\" src=\"http:\/\/caiverbicaro.it\/wp-content\/uploads\/2019\/03\/C900EB19-0434-4C1E-9210-B4D57A358D46.jpeg\" alt=\"\" data-id=\"88\" data-link=\"http:\/\/caiverbicaro.it\/index.php\/territorio\/biodiversita\/c900eb19-0434-4c1e-9210-b4d57a358d46\/\" class=\"wp-image-88\" srcset=\"https:\/\/caiverbicaro.it\/wp-content\/uploads\/2019\/03\/C900EB19-0434-4C1E-9210-B4D57A358D46.jpeg 705w, https:\/\/caiverbicaro.it\/wp-content\/uploads\/2019\/03\/C900EB19-0434-4C1E-9210-B4D57A358D46-248x300.jpeg 248w\" sizes=\"(max-width: 705px) 85vw, 705px\" \/><\/figure><\/li><li class=\"blocks-gallery-item\"><figure><img loading=\"lazy\" width=\"1024\" height=\"840\" src=\"http:\/\/caiverbicaro.it\/wp-content\/uploads\/2019\/03\/AA5F0FDE-E644-4BE0-A0C9-71BAEF2C8B39-1024x840.jpeg\" alt=\"\" data-id=\"89\" data-link=\"http:\/\/caiverbicaro.it\/index.php\/territorio\/biodiversita\/aa5f0fde-e644-4be0-a0c9-71baef2c8b39\/\" class=\"wp-image-89\" srcset=\"https:\/\/caiverbicaro.it\/wp-content\/uploads\/2019\/03\/AA5F0FDE-E644-4BE0-A0C9-71BAEF2C8B39-1024x840.jpeg 1024w, https:\/\/caiverbicaro.it\/wp-content\/uploads\/2019\/03\/AA5F0FDE-E644-4BE0-A0C9-71BAEF2C8B39-300x246.jpeg 300w, https:\/\/caiverbicaro.it\/wp-content\/uploads\/2019\/03\/AA5F0FDE-E644-4BE0-A0C9-71BAEF2C8B39-768x630.jpeg 768w, https:\/\/caiverbicaro.it\/wp-content\/uploads\/2019\/03\/AA5F0FDE-E644-4BE0-A0C9-71BAEF2C8B39.jpeg 1167w\" sizes=\"(max-width: 709px) 85vw, (max-width: 909px) 67vw, (max-width: 1362px) 62vw, 840px\" \/><\/figure><\/li><li class=\"blocks-gallery-item\"><figure><img loading=\"lazy\" width=\"1024\" height=\"1024\" src=\"http:\/\/caiverbicaro.it\/wp-content\/uploads\/2019\/03\/9A76649B-596E-4CA4-BC7F-F45CA75C1C42.jpeg\" alt=\"\" data-id=\"90\" data-link=\"http:\/\/caiverbicaro.it\/index.php\/territorio\/biodiversita\/9a76649b-596e-4ca4-bc7f-f45ca75c1c42\/\" class=\"wp-image-90\" srcset=\"https:\/\/caiverbicaro.it\/wp-content\/uploads\/2019\/03\/9A76649B-596E-4CA4-BC7F-F45CA75C1C42.jpeg 1024w, https:\/\/caiverbicaro.it\/wp-content\/uploads\/2019\/03\/9A76649B-596E-4CA4-BC7F-F45CA75C1C42-150x150.jpeg 150w, https:\/\/caiverbicaro.it\/wp-content\/uploads\/2019\/03\/9A76649B-596E-4CA4-BC7F-F45CA75C1C42-300x300.jpeg 300w, https:\/\/caiverbicaro.it\/wp-content\/uploads\/2019\/03\/9A76649B-596E-4CA4-BC7F-F45CA75C1C42-768x768.jpeg 768w\" sizes=\"(max-width: 709px) 85vw, (max-width: 909px) 67vw, (max-width: 1362px) 62vw, 840px\" \/><\/figure><\/li><li class=\"blocks-gallery-item\"><figure><img loading=\"lazy\" width=\"1024\" height=\"1024\" src=\"http:\/\/caiverbicaro.it\/wp-content\/uploads\/2019\/03\/80FF3886-B8B3-48E1-B229-93CB9605E988.jpeg\" alt=\"\" data-id=\"92\" data-link=\"http:\/\/caiverbicaro.it\/index.php\/territorio\/biodiversita\/80ff3886-b8b3-48e1-b229-93cb9605e988\/\" class=\"wp-image-92\" srcset=\"https:\/\/caiverbicaro.it\/wp-content\/uploads\/2019\/03\/80FF3886-B8B3-48E1-B229-93CB9605E988.jpeg 1024w, https:\/\/caiverbicaro.it\/wp-content\/uploads\/2019\/03\/80FF3886-B8B3-48E1-B229-93CB9605E988-150x150.jpeg 150w, https:\/\/caiverbicaro.it\/wp-content\/uploads\/2019\/03\/80FF3886-B8B3-48E1-B229-93CB9605E988-300x300.jpeg 300w, https:\/\/caiverbicaro.it\/wp-content\/uploads\/2019\/03\/80FF3886-B8B3-48E1-B229-93CB9605E988-768x768.jpeg 768w\" sizes=\"(max-width: 709px) 85vw, (max-width: 909px) 67vw, (max-width: 1362px) 62vw, 840px\" \/><figcaption>Un esemplare ultracentenario dei Castagni dei &#8220;salavruni&#8221;<\/figcaption><\/figure><\/li><li class=\"blocks-gallery-item\"><figure><img loading=\"lazy\" width=\"1000\" height=\"750\" src=\"http:\/\/caiverbicaro.it\/wp-content\/uploads\/2019\/04\/6EAF5159-F9E6-4BA0-B89F-59E57014F278.png\" alt=\"\" data-id=\"991\" data-link=\"http:\/\/caiverbicaro.it\/index.php\/la-sezione-pino-aversa\/biodiversita\/6eaf5159-f9e6-4ba0-b89f-59e57014f278\/\" class=\"wp-image-991\" srcset=\"https:\/\/caiverbicaro.it\/wp-content\/uploads\/2019\/04\/6EAF5159-F9E6-4BA0-B89F-59E57014F278.png 1000w, https:\/\/caiverbicaro.it\/wp-content\/uploads\/2019\/04\/6EAF5159-F9E6-4BA0-B89F-59E57014F278-300x225.png 300w, https:\/\/caiverbicaro.it\/wp-content\/uploads\/2019\/04\/6EAF5159-F9E6-4BA0-B89F-59E57014F278-768x576.png 768w\" sizes=\"(max-width: 709px) 85vw, (max-width: 909px) 67vw, (max-width: 1362px) 62vw, 840px\" \/><\/figure><\/li><\/ul>\n\n\n\n<p><strong>Tappa-27<\/strong>&#8211; Cai &#8211; Verbicaro-UCS-805<strong>  <\/strong><\/p>\n\n\n\n<div class=\"wp-block-file\"><strong>Biodiversit\u00e0 sul Sentiero Italia e lungo i monti della costiera<\/strong> <a href=\"http:\/\/caiverbicaro.it\/wp-content\/uploads\/2019\/04\/Tappa-27-Cai-verbicaro-UCS-805-Biodiversit\u00e0-sul-Sentiero-Italia-e-lungo-i-monti-della-costiera-1.pptx\" class=\"wp-block-file__button\" download=\"\">Scarica in formato PDF<\/a><\/div>\n\n\n\n<p><\/p>\n","protected":false},"excerpt":{"rendered":"<p>Il 46% circa del territorio della Calabria \u00e8 costituito da superfici boschive di cui una parte preponderante si trova nel territorio dei monti dell\u2019Orsomarso. Questi boschi formano un ecosistema forestale di grande valenza naturale, &nbsp;ambientale e paesaggistica. La loro importanza \u00e8 dovuta pi\u00f9 che alla quantit\u00e0, alla qualit\u00e0 del bosco, costituito da una notevole variet\u00e0 &hellip; <a href=\"https:\/\/caiverbicaro.it\/index.php\/la-sezione-pino-aversa\/biodiversita\/\" class=\"more-link\">Leggi tutto<span class=\"screen-reader-text\"> &#8220;Biodiversit\u00e0&#8221;<\/span><\/a><\/p>\n","protected":false},"author":1,"featured_media":0,"parent":78,"menu_order":2,"comment_status":"closed","ping_status":"closed","template":"","meta":[],"_links":{"self":[{"href":"https:\/\/caiverbicaro.it\/index.php\/wp-json\/wp\/v2\/pages\/84"}],"collection":[{"href":"https:\/\/caiverbicaro.it\/index.php\/wp-json\/wp\/v2\/pages"}],"about":[{"href":"https:\/\/caiverbicaro.it\/index.php\/wp-json\/wp\/v2\/types\/page"}],"author":[{"embeddable":true,"href":"https:\/\/caiverbicaro.it\/index.php\/wp-json\/wp\/v2\/users\/1"}],"replies":[{"embeddable":true,"href":"https:\/\/caiverbicaro.it\/index.php\/wp-json\/wp\/v2\/comments?post=84"}],"version-history":[{"count":38,"href":"https:\/\/caiverbicaro.it\/index.php\/wp-json\/wp\/v2\/pages\/84\/revisions"}],"predecessor-version":[{"id":1259,"href":"https:\/\/caiverbicaro.it\/index.php\/wp-json\/wp\/v2\/pages\/84\/revisions\/1259"}],"up":[{"embeddable":true,"href":"https:\/\/caiverbicaro.it\/index.php\/wp-json\/wp\/v2\/pages\/78"}],"wp:attachment":[{"href":"https:\/\/caiverbicaro.it\/index.php\/wp-json\/wp\/v2\/media?parent=84"}],"curies":[{"name":"wp","href":"https:\/\/api.w.org\/{rel}","templated":true}]}}