{"id":99,"date":"2019-03-06T07:07:23","date_gmt":"2019-03-06T07:07:23","guid":{"rendered":"http:\/\/caiverbicaro.it\/?page_id=99"},"modified":"2019-06-01T19:33:55","modified_gmt":"2019-06-01T19:33:55","slug":"escursionismo","status":"publish","type":"page","link":"https:\/\/caiverbicaro.it\/index.php\/escursionismo\/","title":{"rendered":"ESCURSIONISMO"},"content":{"rendered":"\n<p><b>COS\u2019E IL TREKKING?<\/b><br>\u00c8 camminare percorrendo sentieri ed itinerari nella natura. La parola trekking si riferisce alle tracce dei carri dei primi coloni Boeri in sud Africa.<br>Non \u00e8 camminare fine a se stesso, o un&#8217;impresa estrema, o un&#8217;attivit\u00e0 sportiva agonistica; Trekking \u00e8 prima di tutto conoscenza del territorio, contatto con la natura, voglia di recuperare una dimensione pi\u00f9 umana della nostra vita. E&#8217; un&#8217;attivit\u00e0 alla portata di tutti e pu\u00f2 essere adattata ad ogni esigenza. Si possono percorrere bellissimi itinerari immersi nella natura che non presentano alcun tipo di difficolt\u00e0, e percorsi estremi, adatti solo a esperti trekkers, per percorrere i quali occorre guadare fiumi o scalare sbalzi rocciosi.<br>Tra i due estremi esiste un&#8217;infinita possibilit\u00e0 di organizzare piacevoli itinerari pi\u00f9 o meno impegnativi. Il bello del trekking \u00e8 respirare il silenzio, mettersi alla prova, ma soprattutto riscoprire il piacere dell\u2019avventura. Prima di incamminarti, per andare in sicurezza informati bene nella pagina dedicata <a href=\"http:\/\/caiverbicaro.it\/index.php\/escursionismo\/sicurezza\/sicuri-sul-sentiero\/\" target=\"_blank\" rel=\"noreferrer noopener\" aria-label=\" (apre in una nuova scheda)\">http:\/\/caiverbicaro.it\/index.php\/escursionismo\/sicurezza\/sicuri-sul-sentiero\/<\/a> dove troverai consigli per difendersi dalle pericolose ZECCHE. RICORDATI  di seguire LE BUONE PRATICHE del bravo e responsabile escursionista.<\/p>\n\n\n\n<p><b>BUONE PRATICHE PER L\u2019AMBIENT<\/b>E: <strong>ESSERE CITTADINI ATTIVI E RESPONSABILI<\/strong><\/p>\n\n\n\n<p>Ora ti trovi nel BOSCO, laboratorio scientifico naturale, permanente e sempre in attivit\u00e0: <br>&#8211; Cattura l&#8217;energia del sole e la trasforma in vita;<br>&#8211; conserva la biodiversit\u00e0, ospitando migliaia di piante e animali;<br>&#8211; protegge e conserva il suolo, &nbsp;riducendo il pericolo di frane e di inondazioni, regola il clima e depura l&#8217;aria, \u00e8 parte integrante del paesaggio naturale, della cultura, della memoria storica di una comunit\u00e0;<br>-porta i rif\u00ecuti fuori dal bosco per depositarli nei contenitori per la raccolta ;<br>-procedi in silenzio, ascolta la sua voce, guardati attorno, guardando in alto ti capiter\u00e0 di vedere la poiana appollaiata sulle cime degli alberi maestosi o i volteggi del falco pellegrino. Nei boschi non servono strumenti come mp3, i-pod e lettori cd; una matita, un quaderno, una macchina fotograf\u00ecca per ritrarre le meraviglie della natura e prendere appunti per il tuo diario bastano e avanzano. LA NATURA MERITA RISPETTO.  <\/p>\n\n\n\n<p>Utilizza le batterie con parsimonia: non abbandonarle sul terreno<\/p>\n\n\n\n<p>Sensibilizza gli altri escursionisti i sul tema del recupero e corretta gestione dei rifiuti ed eventualmente collabora con essi per la rimozione;<br> <strong>NON ACCENDERE FUOCHI<br>NON ESTIRPARE PIANTE O ARBUSTI<br>NON DISTURBARE GLI ANIMALI SELVATICI<\/strong><\/p>\n\n\n\n<p>Ricorda che anche i graffiti sulle pietre sono una forma di inquinamento.  Se devi lavarti o lavare i tuoi vestiti, non gettare l\u2019acqua di risciacquo nei corsi d\u2019acqua, ma cerca un luogo lontano almeno 50 m.<br>Segnala ai responsabili ambientali eventuali zone di degrado di corpi idrici (con accumulo rifiuti o altro) ed eventualmente collabora con essi per la rimozione. Se ti trovi in un luogo sprovvisto di WC, cerca un posto lontano da corsi d\u2019acqua.  Sui sentieri del trekking capiter\u00e0 che non troverai contenitori dei rifiuti: porta con te una busta per rifiuti per depositarli nei punti di raccolta.<\/p>\n\n\n\n<p>Non gettare sigarette per terra: per degradarsi ci mettono da 1 a 5 anni! Non versare medicinali in acqua o in terra.<br>Segui le indicazioni per la differenziazione dei rifiuti. Alcuni rifiuti, come resti di cibo, possono essere dati agli animali degli abitanti dei villaggi, ma prima chiedi il permesso!<\/p>\n\n\n\n<p>-raccogliere f\u00ecori \u00e8 inutile e dannoso, appassiscono dopo poche ore e si depaupera il bosco;<br>-se vedi un animale selvatico, non avvicinarti. Per osservarlo usa il binocolo. Se l&#8217;animale sembra in diff\u00eccolt\u00e0 non avvicinarti e non toccarlo, avvisa le guardie forestali o i guardiacaccia;<br>-utilizza il telefonino solo in casi di necessit\u00e0;<br><\/p>\n\n\n\n<p><\/p>\n\n\n\n<p><br><\/p>\n\n\n\n<p><\/p>\n\n\n\n<p><br><br><\/p>\n","protected":false},"excerpt":{"rendered":"<p>COS\u2019E IL TREKKING?\u00c8 camminare percorrendo sentieri ed itinerari nella natura. La parola trekking si riferisce alle tracce dei carri dei primi coloni Boeri in sud Africa.Non \u00e8 camminare fine a se stesso, o un&#8217;impresa estrema, o un&#8217;attivit\u00e0 sportiva agonistica; Trekking \u00e8 prima di tutto conoscenza del territorio, contatto con la natura, voglia di recuperare una &hellip; <a href=\"https:\/\/caiverbicaro.it\/index.php\/escursionismo\/\" class=\"more-link\">Leggi tutto<span class=\"screen-reader-text\"> &#8220;ESCURSIONISMO&#8221;<\/span><\/a><\/p>\n","protected":false},"author":1,"featured_media":0,"parent":0,"menu_order":4,"comment_status":"closed","ping_status":"closed","template":"","meta":[],"_links":{"self":[{"href":"https:\/\/caiverbicaro.it\/index.php\/wp-json\/wp\/v2\/pages\/99"}],"collection":[{"href":"https:\/\/caiverbicaro.it\/index.php\/wp-json\/wp\/v2\/pages"}],"about":[{"href":"https:\/\/caiverbicaro.it\/index.php\/wp-json\/wp\/v2\/types\/page"}],"author":[{"embeddable":true,"href":"https:\/\/caiverbicaro.it\/index.php\/wp-json\/wp\/v2\/users\/1"}],"replies":[{"embeddable":true,"href":"https:\/\/caiverbicaro.it\/index.php\/wp-json\/wp\/v2\/comments?post=99"}],"version-history":[{"count":17,"href":"https:\/\/caiverbicaro.it\/index.php\/wp-json\/wp\/v2\/pages\/99\/revisions"}],"predecessor-version":[{"id":1324,"href":"https:\/\/caiverbicaro.it\/index.php\/wp-json\/wp\/v2\/pages\/99\/revisions\/1324"}],"wp:attachment":[{"href":"https:\/\/caiverbicaro.it\/index.php\/wp-json\/wp\/v2\/media?parent=99"}],"curies":[{"name":"wp","href":"https:\/\/api.w.org\/{rel}","templated":true}]}}